{"id":17,"date":"2016-04-02T20:59:38","date_gmt":"2016-04-02T18:59:38","guid":{"rendered":"http:\/\/localhost\/wordpress\/?page_id=17"},"modified":"2016-10-24T21:37:01","modified_gmt":"2016-10-24T19:37:01","slug":"leistungen","status":"publish","type":"page","link":"https:\/\/www.einfach-sauberhaft.de\/index.php\/leistungen\/","title":{"rendered":"Unsere Leistungen"},"content":{"rendered":"<h4><strong>Geb\u00e4udereinigung<\/strong><\/h4>\n<ul>\n<li>Unterhaltsreinigung von B\u00fcro, Banken, Schulen, Praxen usw.<\/li>\n<li>Teppichreinigung im Spr\u00fchextraktions- sowie im Shampoonierverfahren<\/li>\n<li>B\u00fcrostuhlreinigung<\/li>\n<li>Grundreinigung von B\u00f6den aller Art (mit oder ohne Beschichtung)<\/li>\n<\/ul>\n<h4><strong>Glas-, Glasfassaden- und Rahmenreinigung im Osmoseverfahren<\/strong><\/h4>\n<ul>\n<li>sicheres und schnelles Reinigen in 6 bis 10 Meter H\u00f6he<\/li>\n<li>Kosteneinsparung durch Verzicht auf Hubwagen<\/li>\n<li>Reinwassertechnologie (Osmose) ohne chemische Zus\u00e4tze<\/li>\n<\/ul>\n<table style=\"width: 624px; border-style: hidden;\">\n<tbody>\n<tr style=\"height: 247px; border-style: hidden;\">\n<td style=\"width: 297px; height: 247px; border-style: hidden;\"><img loading=\"lazy\" class=\"aligncenter wp-image-31 size-full\" src=\"https:\/\/www.einfach-sauberhaft.de\/wp-content\/uploads\/2016\/04\/wintergarten.jpg\" alt=\"Wintergarten\" width=\"400\" height=\"300\" srcset=\"https:\/\/www.einfach-sauberhaft.de\/wp-content\/uploads\/2016\/04\/wintergarten.jpg 400w, https:\/\/www.einfach-sauberhaft.de\/wp-content\/uploads\/2016\/04\/wintergarten-300x225.jpg 300w\" sizes=\"(max-width: 400px) 100vw, 400px\" \/><\/td>\n<td style=\"width: 297px; height: 247px; border-style: hidden;\"><img loading=\"lazy\" class=\"aligncenter wp-image-32 size-full\" src=\"https:\/\/www.einfach-sauberhaft.de\/wp-content\/uploads\/2016\/04\/solar.jpg\" alt=\"Solar\" width=\"400\" height=\"300\" srcset=\"https:\/\/www.einfach-sauberhaft.de\/wp-content\/uploads\/2016\/04\/solar.jpg 400w, https:\/\/www.einfach-sauberhaft.de\/wp-content\/uploads\/2016\/04\/solar-300x225.jpg 300w\" sizes=\"(max-width: 400px) 100vw, 400px\" \/><\/td>\n<\/tr>\n<\/tbody>\n<\/table>\n<h4><strong>Professionelle PV - \/ Solarreinigung<\/strong><\/h4>\n<p><strong>Warum professionelle Solarreinigung?<\/strong><\/p>\n<ul>\n<li>Effizienzsteigerung: Bis zu 30 % h\u00f6herer Solarertrag, schonend, sicher und umweltfreundlich<\/li>\n<li>L\u00e4ngere Laufzeit ihrer PV-Anlage<\/li>\n<li>Werterhaltung ihrer Anlage<\/li>\n<li>Gepflegtes optisches Erscheinungsbild ihrer Anlage<\/li>\n<\/ul>\n<p><strong>Durch was wird ihre Solaranlage verschmutzt?<\/strong><\/p>\n<p>Durch verschiedene Umwelteinfl\u00fcsse wie Regen, Schornsteine, Bl\u00fctenstaub, Industrie, Landwirtschaft, Kamine etc. lagern sich Schmutzpartikel auf ihrer Solaranlage ab und vermindern somit den Solarertrag um bis zu 30 %.<\/p>\n<p><strong>Warum sollten Sie ihre Solaranlage NICHT selbst reinigen?<\/strong><\/p>\n<p>Wenn Sie ihre Solaranlage mit einem Schlauch oder Hochdruckreiniger waschen, k\u00f6nnen die Dichtungen ihrer Solaranlage undicht werden, sodass die Solaranlage stark besch\u00e4digt wird. Zudem setzen sich Kalkr\u00fcckst\u00e4nde auf ihrem Modul ab und verringern den Solarertrag erheblich.<\/p>\n<p>Wir verwenden eine druckfreie und umweltschonende Umkehrosmosemaschine, die ihre Solaranlage schonend reinigt und vollst\u00e4ndig \u00f6kologisch abbaubar ist.<\/p>\n<table style=\"border-style: hidden;\">\n<tbody>\n<tr style=\"border-style: hidden;\">\n<td style=\"border-style: hidden;\"><img loading=\"lazy\" class=\"aligncenter wp-image-52\" src=\"https:\/\/www.einfach-sauberhaft.de\/wp-content\/uploads\/2016\/04\/IMG_2329-225x300.jpg\" alt=\"IMG_2329\" width=\"300\" height=\"400\" srcset=\"https:\/\/www.einfach-sauberhaft.de\/wp-content\/uploads\/2016\/04\/IMG_2329-225x300.jpg 225w, https:\/\/www.einfach-sauberhaft.de\/wp-content\/uploads\/2016\/04\/IMG_2329-768x1024.jpg 768w, https:\/\/www.einfach-sauberhaft.de\/wp-content\/uploads\/2016\/04\/IMG_2329-960x1280.jpg 960w, https:\/\/www.einfach-sauberhaft.de\/wp-content\/uploads\/2016\/04\/IMG_2329.jpg 972w\" sizes=\"(max-width: 300px) 100vw, 300px\" \/><\/td>\n<td style=\"border-style: hidden;\"><img loading=\"lazy\" class=\"aligncenter wp-image-53\" src=\"https:\/\/www.einfach-sauberhaft.de\/wp-content\/uploads\/2016\/04\/IMG_2330-300x225.jpg\" alt=\"IMG_2330\" width=\"400\" height=\"300\" srcset=\"https:\/\/www.einfach-sauberhaft.de\/wp-content\/uploads\/2016\/04\/IMG_2330-300x225.jpg 300w, https:\/\/www.einfach-sauberhaft.de\/wp-content\/uploads\/2016\/04\/IMG_2330-768x576.jpg 768w, https:\/\/www.einfach-sauberhaft.de\/wp-content\/uploads\/2016\/04\/IMG_2330-1024x768.jpg 1024w, https:\/\/www.einfach-sauberhaft.de\/wp-content\/uploads\/2016\/04\/IMG_2330-960x720.jpg 960w, https:\/\/www.einfach-sauberhaft.de\/wp-content\/uploads\/2016\/04\/IMG_2330.jpg 1296w\" sizes=\"(max-width: 400px) 100vw, 400px\" \/><\/td>\n<\/tr>\n<\/tbody>\n<\/table>\n","protected":false},"excerpt":{"rendered":"<p>Geb\u00e4udereinigung Unterhaltsreinigung von B\u00fcro, Banken, Schulen, Praxen usw. Teppichreinigung im Spr\u00fchextraktions- sowie im Shampoonierverfahren B\u00fcrostuhlreinigung Grundreinigung von B\u00f6den aller Art (mit oder ohne Beschichtung) Glas-, Glasfassaden- und Rahmenreinigung im Osmoseverfahren sicheres und schnelles Reinigen in 6 bis 10 Meter H\u00f6he Kosteneinsparung durch Verzicht auf Hubwagen Reinwassertechnologie (Osmose) ohne chemische Zus\u00e4tze Professionelle PV - \/ Solarreinigung <a href=\"https:\/\/www.einfach-sauberhaft.de\/index.php\/leistungen\/\" class=\"more-link\">...weiterlesen<span class=\"screen-reader-text\"> \"Unsere Leistungen\"<\/span><\/a><\/p>\n","protected":false},"author":1,"featured_media":0,"parent":0,"menu_order":0,"comment_status":"closed","ping_status":"closed","template":"","meta":[],"_links":{"self":[{"href":"https:\/\/www.einfach-sauberhaft.de\/index.php\/wp-json\/wp\/v2\/pages\/17"}],"collection":[{"href":"https:\/\/www.einfach-sauberhaft.de\/index.php\/wp-json\/wp\/v2\/pages"}],"about":[{"href":"https:\/\/www.einfach-sauberhaft.de\/index.php\/wp-json\/wp\/v2\/types\/page"}],"author":[{"embeddable":true,"href":"https:\/\/www.einfach-sauberhaft.de\/index.php\/wp-json\/wp\/v2\/users\/1"}],"replies":[{"embeddable":true,"href":"https:\/\/www.einfach-sauberhaft.de\/index.php\/wp-json\/wp\/v2\/comments?post=17"}],"version-history":[{"count":18,"href":"https:\/\/www.einfach-sauberhaft.de\/index.php\/wp-json\/wp\/v2\/pages\/17\/revisions"}],"predecessor-version":[{"id":66,"href":"https:\/\/www.einfach-sauberhaft.de\/index.php\/wp-json\/wp\/v2\/pages\/17\/revisions\/66"}],"wp:attachment":[{"href":"https:\/\/www.einfach-sauberhaft.de\/index.php\/wp-json\/wp\/v2\/media?parent=17"}],"curies":[{"name":"wp","href":"https:\/\/api.w.org\/{rel}","templated":true}]}}