{"id":21,"date":"2016-04-02T21:02:46","date_gmt":"2016-04-02T19:02:46","guid":{"rendered":"http:\/\/localhost\/wordpress\/?page_id=21"},"modified":"2018-05-24T20:59:03","modified_gmt":"2018-05-24T18:59:03","slug":"kontakt","status":"publish","type":"page","link":"https:\/\/www.einfach-sauberhaft.de\/index.php\/kontakt\/","title":{"rendered":"Kontakt"},"content":{"rendered":"<p><strong>Impressum:<\/strong><br \/>\nVerantwortlich f\u00fcr den Inhalt des Webauftrittes:<br \/>\nZECH Geb\u00e4udereinigung<\/p>\n<p><strong>Kontakt:<\/strong><br \/>\nZECH Geb\u00e4udereinigung<br \/>\nGesch\u00e4ftsf\u00fchrer: Hermann Zech<br \/>\nMagzinstra\u00dfe 8<br \/>\n94405 Landau a. d. Isar<br \/>\nTelefon: 09951\/90618<br \/>\nFax: 09951\/600284<br \/>\nE-Mail: <a href=\"mailto:info@einfach-sauberhaft.de\">info@einfach-sauberhaft.de<\/a><\/p>\n<p><strong>Konzeption\/Design:<\/strong><br \/>\nJosef Stecher<br \/>\nE-Mail: <a href=\"mailto:jo.stecher@gmail.com\">jo.stecher@gmail.com<\/a><\/p>\n","protected":false},"excerpt":{"rendered":"<p>Impressum: Verantwortlich f\u00fcr den Inhalt des Webauftrittes: ZECH Geb\u00e4udereinigung Kontakt: ZECH Geb\u00e4udereinigung Gesch\u00e4ftsf\u00fchrer: Hermann Zech Magzinstra\u00dfe 8 94405 Landau a. d. Isar Telefon: 09951\/90618 Fax: 09951\/600284 E-Mail: info@einfach-sauberhaft.de Konzeption\/Design: Josef Stecher E-Mail: jo.stecher@gmail.com<\/p>\n","protected":false},"author":1,"featured_media":0,"parent":0,"menu_order":0,"comment_status":"closed","ping_status":"closed","template":"","meta":[],"_links":{"self":[{"href":"https:\/\/www.einfach-sauberhaft.de\/index.php\/wp-json\/wp\/v2\/pages\/21"}],"collection":[{"href":"https:\/\/www.einfach-sauberhaft.de\/index.php\/wp-json\/wp\/v2\/pages"}],"about":[{"href":"https:\/\/www.einfach-sauberhaft.de\/index.php\/wp-json\/wp\/v2\/types\/page"}],"author":[{"embeddable":true,"href":"https:\/\/www.einfach-sauberhaft.de\/index.php\/wp-json\/wp\/v2\/users\/1"}],"replies":[{"embeddable":true,"href":"https:\/\/www.einfach-sauberhaft.de\/index.php\/wp-json\/wp\/v2\/comments?post=21"}],"version-history":[{"count":1,"href":"https:\/\/www.einfach-sauberhaft.de\/index.php\/wp-json\/wp\/v2\/pages\/21\/revisions"}],"predecessor-version":[{"id":71,"href":"https:\/\/www.einfach-sauberhaft.de\/index.php\/wp-json\/wp\/v2\/pages\/21\/revisions\/71"}],"wp:attachment":[{"href":"https:\/\/www.einfach-sauberhaft.de\/index.php\/wp-json\/wp\/v2\/media?parent=21"}],"curies":[{"name":"wp","href":"https:\/\/api.w.org\/{rel}","templated":true}]}}